{"id":27,"date":"2022-11-30T14:52:26","date_gmt":"2022-11-30T14:52:26","guid":{"rendered":"http:\/\/dummy.xtemos.com\/woodmart2\/mega-electronics\/?page_id=27"},"modified":"2025-04-13T17:41:41","modified_gmt":"2025-04-13T23:41:41","slug":"promociones-2","status":"publish","type":"page","link":"https:\/\/pcshopss.com\/index.php\/promociones-2\/","title":{"rendered":"Promociones"},"content":{"rendered":"<div class=\"wpb-content-wrapper\"><p>[vc_row css=&#8221;.vc_custom_1668096599668{margin-top: -10px !important;}&#8221; woodmart_css_id=&#8221;636d2251d8a28&#8243; responsive_spacing=&#8221;eyJwYXJhbV90eXBlIjoid29vZG1hcnRfcmVzcG9uc2l2ZV9zcGFjaW5nIiwic2VsZWN0b3JfaWQiOiI2MzZkMjI1MWQ4YTI4Iiwic2hvcnRjb2RlIjoidmNfcm93IiwiZGF0YSI6eyJ0YWJsZXQiOnt9LCJtb2JpbGUiOnt9fX0=&#8221; mobile_bg_img_hidden=&#8221;no&#8221; tablet_bg_img_hidden=&#8221;no&#8221; woodmart_parallax=&#8221;0&#8243; woodmart_gradient_switch=&#8221;no&#8221; woodmart_box_shadow=&#8221;no&#8221; wd_z_index=&#8221;no&#8221; woodmart_disable_overflow=&#8221;0&#8243; row_reverse_mobile=&#8221;0&#8243; row_reverse_tablet=&#8221;0&#8243;][vc_column woodmart_css_id=&#8221;67fbdb3796f4f&#8221; parallax_scroll=&#8221;no&#8221; woodmart_sticky_column=&#8221;false&#8221; wd_collapsible_content_switcher=&#8221;no&#8221; wd_column_role_offcanvas_desktop=&#8221;no&#8221; wd_column_role_offcanvas_tablet=&#8221;no&#8221; wd_column_role_offcanvas_mobile=&#8221;no&#8221; wd_column_role_content_desktop=&#8221;no&#8221; wd_column_role_content_tablet=&#8221;no&#8221; wd_column_role_content_mobile=&#8221;no&#8221; mobile_bg_img_hidden=&#8221;no&#8221; tablet_bg_img_hidden=&#8221;no&#8221; woodmart_parallax=&#8221;0&#8243; woodmart_box_shadow=&#8221;no&#8221; responsive_spacing=&#8221;eyJwYXJhbV90eXBlIjoid29vZG1hcnRfcmVzcG9uc2l2ZV9zcGFjaW5nIiwic2VsZWN0b3JfaWQiOiI2N2ZiZGIzNzk2ZjRmIiwic2hvcnRjb2RlIjoidmNfY29sdW1uIiwiZGF0YSI6eyJ0YWJsZXQiOnt9LCJtb2JpbGUiOnt9fX0=&#8221; mobile_reset_margin=&#8221;no&#8221; tablet_reset_margin=&#8221;no&#8221; wd_z_index=&#8221;no&#8221; offset=&#8221;vc_col-xs-12&#8243;]\n\t\t<div id=\"wd-67fbd693c4c07\" class=\"title-wrapper wd-wpb wd-set-mb reset-last-child  wd-rs-67fbd693c4c07 wd-title-color-default wd-title-style-default text-left vc_custom_1744557736875 wd-underline-colored\">\n\t\t\t\n\t\t\t<div class=\"liner-continer\">\n\t\t\t\t<h4 class=\"woodmart-title-container title  wd-font-weight- wd-fontsize-xl\" >Promociones<\/h4>\n\t\t\t\t\t\t\t<\/div>\n\t\t\t\n\t\t\t\n\t\t\t\n\t\t<\/div>\n\t\t\n\t\t[\/vc_column][\/vc_row][vc_row full_width=&#8221;stretch_row_content&#8221; gap=&#8221;20&#8243; css=&#8221;.vc_custom_1744559687601{margin-right: -10px !important;margin-left: -10px !important;}&#8221; woodmart_css_id=&#8221;67fbde18d1dcd&#8221; responsive_spacing=&#8221;eyJwYXJhbV90eXBlIjoid29vZG1hcnRfcmVzcG9uc2l2ZV9zcGFjaW5nIiwic2VsZWN0b3JfaWQiOiI2N2ZiZGUxOGQxZGNkIiwic2hvcnRjb2RlIjoidmNfcm93IiwiZGF0YSI6eyJ0YWJsZXQiOnt9LCJtb2JpbGUiOnt9fX0=&#8221; mobile_bg_img_hidden=&#8221;no&#8221; tablet_bg_img_hidden=&#8221;no&#8221; woodmart_parallax=&#8221;0&#8243; woodmart_gradient_switch=&#8221;no&#8221; woodmart_box_shadow=&#8221;no&#8221; wd_z_index=&#8221;no&#8221; woodmart_disable_overflow=&#8221;1&#8243; row_reverse_mobile=&#8221;0&#8243; row_reverse_tablet=&#8221;0&#8243;][vc_column width=&#8221;1\/3&#8243; css=&#8221;.vc_custom_1744584367990{padding-right: 10px !important;padding-left: 10px !important;}&#8221; woodmart_css_id=&#8221;67fc3e575f56b&#8221; parallax_scroll=&#8221;no&#8221; woodmart_sticky_column=&#8221;false&#8221; wd_collapsible_content_switcher=&#8221;no&#8221; wd_column_role_offcanvas_desktop=&#8221;no&#8221; wd_column_role_offcanvas_tablet=&#8221;no&#8221; wd_column_role_offcanvas_mobile=&#8221;no&#8221; wd_column_role_content_desktop=&#8221;no&#8221; wd_column_role_content_tablet=&#8221;no&#8221; wd_column_role_content_mobile=&#8221;no&#8221; mobile_bg_img_hidden=&#8221;no&#8221; tablet_bg_img_hidden=&#8221;no&#8221; woodmart_parallax=&#8221;0&#8243; woodmart_box_shadow=&#8221;no&#8221; responsive_spacing=&#8221;eyJwYXJhbV90eXBlIjoid29vZG1hcnRfcmVzcG9uc2l2ZV9zcGFjaW5nIiwic2VsZWN0b3JfaWQiOiI2N2ZjM2U1NzVmNTZiIiwic2hvcnRjb2RlIjoidmNfY29sdW1uIiwiZGF0YSI6eyJ0YWJsZXQiOnt9LCJtb2JpbGUiOnt9fX0=&#8221; mobile_reset_margin=&#8221;yes&#8221; tablet_reset_margin=&#8221;yes&#8221; wd_z_index=&#8221;no&#8221; offset=&#8221;vc_col-lg-4 vc_col-md-12&#8243;]\t\t<div class=\"promo-banner-wrapper  wd-rs-67fc38ab384f6 vc_custom_1744582833755\">\n\t\t\t<div id=\"wd-67fc38ab384f6\" class=\"promo-banner  banner- banner-hover-zoom color-scheme-light banner-btn-size-default banner-btn-style-default  with-btn banner-btn-position-static wd-with-link wd-underline-colored\">\n\t\t\t\t<div class=\"main-wrapp-img\">\n\t\t\t\t\t<div class=\"banner-image wd-bg-position-center\" >\n\t\t\t\t\t\t<img loading=\"lazy\" decoding=\"async\" width=\"920\" height=\"560\" src=\"https:\/\/pcshopss.com\/wp-content\/uploads\/2025\/04\/meoriras-rams.jpg\" class=\"attachment-full size-full\" alt=\"\" \/>\t\t\t\t\t<\/div>\n\t\t\t\t<\/div>\n\n\t\t\t\t<div class=\"wrapper-content-banner wd-fill  wd-items-middle wd-justify-left\">\n\t\t\t\t\t<div class=\"content-banner  text-left\">\n\t\t\t\t\t\t<div class=\"banner-subtitle subtitle-color-default subtitle-style-default wd-fontsize-xs wd-font-weight-700 font-alt\">12Abri - 19Abri<\/div><h4 class=\"banner-title wd-font-weight- wd-fontsize-l\">Promoci\u00f3n de memorias RAM DDR4<\/h4>\t\t\t\t\t\t\n\t\t\t\t\t\t\t\t\t\t\t\t\t<div class=\"wd-countdown-timer color-scheme-dark\">\n\t\t\t\t\t\t\t\t<div class=\"wd-timer wd-size-medium wd-style-standard\" data-end-date=\"2025\/04\/19 07:49\" data-timezone=\"GMT\" data-hide-on-finish=\"yes\">\n\t\t\t\t\t\t\t\t\t<span class=\"wd-timer-days\">\n\t\t\t\t\t\t\t\t\t\t<span class=\"wd-timer-value\">\n\t\t\t\t\t\t\t\t\t\t\t0\n\t\t\t\t\t\t\t\t\t\t<\/span>\n\t\t\t\t\t\t\t\t\t\t<span class=\"wd-timer-text\">\n\t\t\t\t\t\t\t\t\t\t\tdays\t\t\t\t\t\t\t\t\t\t<\/span>\n\t\t\t\t\t\t\t\t\t<\/span>\n\t\t\t\t\t\t\t\t\t<span class=\"wd-timer-hours\">\n\t\t\t\t\t\t\t\t\t\t<span class=\"wd-timer-value\">\n\t\t\t\t\t\t\t\t\t\t\t00\n\t\t\t\t\t\t\t\t\t\t<\/span>\n\t\t\t\t\t\t\t\t\t\t<span class=\"wd-timer-text\">\n\t\t\t\t\t\t\t\t\t\t\thr\t\t\t\t\t\t\t\t\t\t<\/span>\n\t\t\t\t\t\t\t\t\t<\/span>\n\t\t\t\t\t\t\t\t\t<span class=\"wd-timer-min\">\n\t\t\t\t\t\t\t\t\t\t<span class=\"wd-timer-value\">\n\t\t\t\t\t\t\t\t\t\t\t00\n\t\t\t\t\t\t\t\t\t\t<\/span>\n\t\t\t\t\t\t\t\t\t\t<span class=\"wd-timer-text\">\n\t\t\t\t\t\t\t\t\t\t\tmin\t\t\t\t\t\t\t\t\t\t<\/span>\n\t\t\t\t\t\t\t\t\t<\/span>\n\t\t\t\t\t\t\t\t\t<span class=\"wd-timer-sec\">\n\t\t\t\t\t\t\t\t\t\t<span class=\"wd-timer-value\">\n\t\t\t\t\t\t\t\t\t\t\t00\n\t\t\t\t\t\t\t\t\t\t<\/span>\n\t\t\t\t\t\t\t\t\t\t<span class=\"wd-timer-text\">\n\t\t\t\t\t\t\t\t\t\t\tsc\t\t\t\t\t\t\t\t\t\t<\/span>\n\t\t\t\t\t\t\t\t\t<\/span>\n\t\t\t\t\t\t\t\t<\/div>\n\t\t\t\t\t\t\t<\/div>\n\t\t\t\t\t\t\n\t\t\t\t\t\t<div class=\"banner-btn-wrapper\"><div id=\"wd-69dff3e52498c\" class=\"  wd-button-wrapper text-left\"><a href=\"https:\/\/pcshopss.com\/index.php\/product-tag\/ram-ddr4\/\" title=\"\" class=\"btn btn-style-default btn-shape-semi-round btn-size-default\">Ver M\u00e1s<\/a><\/div><\/div>\t\t\t\t\t<\/div>\n\t\t\t\t<\/div>\n\n\t\t\t\t\t\t\t\t\t<a class=\"wd-promo-banner-link wd-fill\" aria-label=\"Banner link\" href=\"https:\/\/pcshopss.com\/index.php\/product-tag\/ram-ddr4\/\" title=\"\"><\/a>\n\t\t\t\t\n\t\t\t\t\t\t\t<\/div>\n\t\t<\/div>\n\n\t\t[\/vc_column][vc_column width=&#8221;1\/3&#8243;]\t\t<div class=\"promo-banner-wrapper  wd-rs-67fc3ed246757 vc_custom_1744584542402\">\n\t\t\t<div id=\"wd-67fc3ed246757\" class=\"promo-banner  banner- banner-hover-zoom color-scheme-light banner-btn-size-default banner-btn-style-default  with-btn banner-btn-position-static wd-with-link wd-underline-colored\">\n\t\t\t\t<div class=\"main-wrapp-img\">\n\t\t\t\t\t<div class=\"banner-image wd-bg-position-center\" >\n\t\t\t\t\t\t<img loading=\"lazy\" decoding=\"async\" width=\"920\" height=\"560\" src=\"https:\/\/pcshopss.com\/wp-content\/uploads\/2025\/04\/fondo-discos-ssd-1.png\" class=\"attachment-full size-full\" alt=\"\" \/>\t\t\t\t\t<\/div>\n\t\t\t\t<\/div>\n\n\t\t\t\t<div class=\"wrapper-content-banner wd-fill  wd-items-middle wd-justify-left\">\n\t\t\t\t\t<div class=\"content-banner  text-left\">\n\t\t\t\t\t\t<h4 class=\"banner-title wd-font-weight- wd-fontsize-l\">Discos SSD<br \/>\n<\/h4>\t\t\t\t\t\t\t\t\t\t\t\t\t<div class=\"banner-inner reset-last-child wd-fontsize-xs\">\n\t\t\t\t\t\t\t\t<\/p>\n<h4>128GB \/ 256GB \/ 512GB \/ 1T<\/h4>\n<p>\n\t\t\t\t\t\t\t<\/div>\n\t\t\t\t\t\t\n\t\t\t\t\t\t\n\t\t\t\t\t\t<div class=\"banner-btn-wrapper\"><div id=\"wd-69dff3e524ca2\" class=\"  wd-button-wrapper text-left\"><a href=\"https:\/\/pcshopss.com\/index.php\/product-tag\/discos-ssd\/\" title=\"\" class=\"btn btn-style-default btn-shape-semi-round btn-size-default\">Ver M\u00e1s<\/a><\/div><\/div>\t\t\t\t\t<\/div>\n\t\t\t\t<\/div>\n\n\t\t\t\t\t\t\t\t\t<a class=\"wd-promo-banner-link wd-fill\" aria-label=\"Banner link\" href=\"https:\/\/pcshopss.com\/index.php\/product-tag\/discos-ssd\/\" title=\"\"><\/a>\n\t\t\t\t\n\t\t\t\t\t\t\t<\/div>\n\t\t<\/div>\n\n\t\t[\/vc_column][vc_column width=&#8221;1\/3&#8243;]\t\t<div class=\"promo-banner-wrapper  wd-rs-67fc3f6a7ea82 vc_custom_1744584739586\">\n\t\t\t<div id=\"wd-67fc3f6a7ea82\" class=\"promo-banner  banner- banner-hover-zoom color-scheme-light banner-btn-size-default banner-btn-style-default  with-btn banner-btn-position-static wd-with-link wd-underline-colored\">\n\t\t\t\t<div class=\"main-wrapp-img\">\n\t\t\t\t\t<div class=\"banner-image wd-bg-position-center\" >\n\t\t\t\t\t\t<img loading=\"lazy\" decoding=\"async\" width=\"920\" height=\"560\" src=\"https:\/\/pcshopss.com\/wp-content\/uploads\/2025\/04\/laptop-prven.png\" class=\"attachment-full size-full\" alt=\"\" \/>\t\t\t\t\t<\/div>\n\t\t\t\t<\/div>\n\n\t\t\t\t<div class=\"wrapper-content-banner wd-fill  wd-items-middle wd-justify-left\">\n\t\t\t\t\t<div class=\"content-banner  text-left\">\n\t\t\t\t\t\t<h4 class=\"banner-title wd-font-weight- wd-fontsize-l\">Laptop Pre-Venta<\/h4>\t\t\t\t\t\t\t\t\t\t\t\t\t<div class=\"banner-inner reset-last-child wd-fontsize-xs\">\n\t\t\t\t\t\t\t\t<p>\ud83d\udcbb <strong data-start=\"52\" data-end=\"74\">Preventa exclusiva<\/strong><br data-start=\"74\" data-end=\"77\" \/>Ll\u00e9vate tu laptop al <strong data-start=\"98\" data-end=\"114\">mejor precio<\/strong> antes\u00a0 \u00a0 \u00a0 \u00a0 \u00a0 \u00a0 \u00a0 \u00a0 \u00a0 \u00a0 \u00a0 \u00a0 \u00a0 \u00a0 \u00a0 \u00a0 \u00a0 \u00a0 \u00a0 \u00a0 \u00a0 \u00a0 \u00a0 \u00a0 \u00a0 \u00a0 \u00a0\u00a0del lanzamiento.<br data-start=\"137\" data-end=\"140\" \/>\ud83d\ude80 \u00a1Reserva ya, unidades limitadas!<\/p>\n\t\t\t\t\t\t\t<\/div>\n\t\t\t\t\t\t\n\t\t\t\t\t\t\n\t\t\t\t\t\t<div class=\"banner-btn-wrapper\"><div id=\"wd-69dff3e524f89\" class=\"  wd-button-wrapper text-left\"><a href=\"https:\/\/pcshopss.com\/index.php\/product-tag\/ram-ddr4\/\" title=\"\" class=\"btn btn-style-default btn-shape-semi-round btn-size-default\">Ver M\u00e1s<\/a><\/div><\/div>\t\t\t\t\t<\/div>\n\t\t\t\t<\/div>\n\n\t\t\t\t\t\t\t\t\t<a class=\"wd-promo-banner-link wd-fill\" aria-label=\"Banner link\" href=\"https:\/\/pcshopss.com\/index.php\/product-tag\/ram-ddr4\/\" title=\"\"><\/a>\n\t\t\t\t\n\t\t\t\t\t\t\t<\/div>\n\t\t<\/div>\n\n\t\t[\/vc_column][\/vc_row][vc_row css=&#8221;.vc_custom_1669819312697{margin-right: 0px !important;margin-bottom: 30px !important;margin-left: 0px !important;padding-top: 20px !important;padding-right: 5px !important;padding-bottom: 20px !important;padding-left: 5px !important;background-color: #ffffff !important;border-radius: 10px !important;}&#8221; woodmart_css_id=&#8221;63876bacafbd0&#8243; responsive_spacing=&#8221;eyJwYXJhbV90eXBlIjoid29vZG1hcnRfcmVzcG9uc2l2ZV9zcGFjaW5nIiwic2VsZWN0b3JfaWQiOiI2Mzg3NmJhY2FmYmQwIiwic2hvcnRjb2RlIjoidmNfcm93IiwiZGF0YSI6eyJ0YWJsZXQiOnt9LCJtb2JpbGUiOnt9fX0=&#8221; mobile_bg_img_hidden=&#8221;no&#8221; tablet_bg_img_hidden=&#8221;no&#8221; woodmart_parallax=&#8221;0&#8243; woodmart_gradient_switch=&#8221;no&#8221; woodmart_box_shadow=&#8221;no&#8221; wd_z_index=&#8221;no&#8221; woodmart_disable_overflow=&#8221;0&#8243; row_reverse_mobile=&#8221;0&#8243; row_reverse_tablet=&#8221;0&#8243;][vc_column css=&#8221;.vc_custom_1674222753721{padding-top: 0px !important;}&#8221; woodmart_css_id=&#8221;63ca9c9bcb25e&#8221; parallax_scroll=&#8221;no&#8221; woodmart_sticky_column=&#8221;false&#8221; wd_collapsible_content_switcher=&#8221;yes&#8221; wd_collapsible_content_max_height=&#8221;eyJkZXZpY2VzIjp7ImRlc2t0b3AiOnsidW5pdCI6InB4IiwidmFsdWUiOiIyMDUifSwidGFibGV0Ijp7InVuaXQiOiJweCIsInZhbHVlIjoiMjAwIn0sIm1vYmlsZSI6eyJ1bml0IjoicHgiLCJ2YWx1ZSI6IiJ9fX0=&#8221; wd_collapsible_content_fade_out_color=&#8221;eyJkZXZpY2VzIjp7ImRlc2t0b3AiOnsidmFsdWUiOiIjZmZmIn19fQ==&#8221; wd_column_role_offcanvas_desktop=&#8221;no&#8221; wd_column_role_offcanvas_tablet=&#8221;no&#8221; wd_column_role_offcanvas_mobile=&#8221;no&#8221; wd_column_role_content_desktop=&#8221;no&#8221; wd_column_role_content_tablet=&#8221;no&#8221; wd_column_role_content_mobile=&#8221;no&#8221; mobile_bg_img_hidden=&#8221;no&#8221; tablet_bg_img_hidden=&#8221;no&#8221; woodmart_parallax=&#8221;0&#8243; woodmart_box_shadow=&#8221;no&#8221; responsive_spacing=&#8221;eyJwYXJhbV90eXBlIjoid29vZG1hcnRfcmVzcG9uc2l2ZV9zcGFjaW5nIiwic2VsZWN0b3JfaWQiOiI2M2NhOWM5YmNiMjVlIiwic2hvcnRjb2RlIjoidmNfY29sdW1uIiwiZGF0YSI6eyJ0YWJsZXQiOnt9LCJtb2JpbGUiOnt9fX0=&#8221; mobile_reset_margin=&#8221;no&#8221; tablet_reset_margin=&#8221;no&#8221; wd_z_index=&#8221;no&#8221;]\n\t\t<div id=\"wd-67fc40664baae\" class=\"title-wrapper wd-wpb wd-set-mb reset-last-child  wd-rs-67fc40664baae wd-title-color-default wd-title-style-default text-left vc_custom_1744584964846 wd-underline-colored\">\n\t\t\t\n\t\t\t<div class=\"liner-continer\">\n\t\t\t\t<h4 class=\"woodmart-title-container title  wd-font-weight- wd-fontsize-xl\" >T\u00e9rminos de las promociones:<\/h4>\n\t\t\t\t\t\t\t<\/div>\n\t\t\t\n\t\t\t\n\t\t\t\n\t\t<\/div>\n\t\t\n\t\t\t\t<div id=\"wd-67fc4054f0fe6\" class=\"wd-text-block wd-wpb reset-last-child wd-rs-67fc4054f0fe6 text-left \">\n\t\t\t<p>Todas las promociones, descuentos y ofertas especiales ofrecidas en este sitio web son v\u00e1lidas \u00fanicamente durante el per\u00edodo establecido o hasta agotar existencias, lo que ocurra primero. La duraci\u00f3n de cada promoci\u00f3n puede variar y estar\u00e1 sujeta a disponibilidad de productos. Nos reservamos el derecho de modificar o cancelar cualquier promoci\u00f3n sin previo aviso en caso de agotarse el inventario disponible o por decisi\u00f3n comercial. La compra est\u00e1 sujeta a confirmaci\u00f3n de stock. Aplican restricciones seg\u00fan cada producto o categor\u00eda.<\/p>\n\t\t<\/div>\n\t\t<div id=\"wd-67fc4114598c9\" class=\" wd-rs-67fc4114598c9  wd-button-wrapper text-left wd-collapsible-button\"><a  class=\"btn btn-style-default btn-shape-semi-round btn-size-small btn-icon-pos-right\">Leer M\u00e1s<span class=\"wd-btn-icon\"><img decoding=\"async\"  src=\"https:\/\/pcshopss.com\/wp-content\/uploads\/2023\/01\/chevron-down-black.svg\" title=\"chevron-down-black\" loading=\"lazy\" width=\"14\" height=\"14\"><\/span><\/a><\/div>[\/vc_column][\/vc_row][vc_row woodmart_css_id=&#8221;63876bb1da677&#8243; responsive_spacing=&#8221;eyJwYXJhbV90eXBlIjoid29vZG1hcnRfcmVzcG9uc2l2ZV9zcGFjaW5nIiwic2VsZWN0b3JfaWQiOiI2Mzg3NmJiMWRhNjc3Iiwic2hvcnRjb2RlIjoidmNfcm93IiwiZGF0YSI6eyJ0YWJsZXQiOnt9LCJtb2JpbGUiOnt9fX0=&#8221; mobile_bg_img_hidden=&#8221;no&#8221; tablet_bg_img_hidden=&#8221;no&#8221; woodmart_parallax=&#8221;0&#8243; woodmart_gradient_switch=&#8221;no&#8221; woodmart_box_shadow=&#8221;no&#8221; wd_z_index=&#8221;no&#8221; woodmart_disable_overflow=&#8221;0&#8243; row_reverse_mobile=&#8221;0&#8243; row_reverse_tablet=&#8221;0&#8243;][vc_column css=&#8221;.vc_custom_1669819307131{padding-top: 0px !important;}&#8221; woodmart_css_id=&#8221;63876ba65a5a8&#8243; parallax_scroll=&#8221;no&#8221; woodmart_sticky_column=&#8221;false&#8221; wd_collapsible_content_switcher=&#8221;no&#8221; wd_column_role_offcanvas_desktop=&#8221;no&#8221; wd_column_role_offcanvas_tablet=&#8221;no&#8221; wd_column_role_offcanvas_mobile=&#8221;no&#8221; wd_column_role_content_desktop=&#8221;no&#8221; wd_column_role_content_tablet=&#8221;no&#8221; wd_column_role_content_mobile=&#8221;no&#8221; mobile_bg_img_hidden=&#8221;no&#8221; tablet_bg_img_hidden=&#8221;no&#8221; woodmart_parallax=&#8221;0&#8243; woodmart_box_shadow=&#8221;no&#8221; responsive_spacing=&#8221;eyJwYXJhbV90eXBlIjoid29vZG1hcnRfcmVzcG9uc2l2ZV9zcGFjaW5nIiwic2VsZWN0b3JfaWQiOiI2Mzg3NmJhNjVhNWE4Iiwic2hvcnRjb2RlIjoidmNfY29sdW1uIiwiZGF0YSI6eyJ0YWJsZXQiOnt9LCJtb2JpbGUiOnt9fX0=&#8221; mobile_reset_margin=&#8221;no&#8221; tablet_reset_margin=&#8221;no&#8221; wd_z_index=&#8221;no&#8221;]\t\t\t<div id=\"carousel-288\" class=\"wd-carousel-container  wd-wpb with-title wd-rs-63e21dd9db218  wd-products-element wd-products products wd-hide wd-products-with-bg title-line-one\">\n\t\t\t\t\n\t\t\t\t\t\t\t\t\t<h4 class=\"wd-el-title title slider-title element-title\"><span>Recently Viewed<\/span><\/h4>\t\t\t\t\n\t\t\t\t<div class=\"wd-carousel-inner\">\n\t\t\t\t\t<div class=\" wd-carousel wd-grid\"  data-atts='{&quot;slides_per_view&quot;:&quot;5&quot;,&quot;slides_per_view_mobile&quot;:&quot;1&quot;,&quot;wrap&quot;:&quot;no&quot;,&quot;hide_pagination_control&quot;:&quot;yes&quot;,&quot;hide_prev_next_buttons&quot;:&quot;no&quot;,&quot;custom_sizes&quot;:{&quot;desktop&quot;:&quot;5&quot;,&quot;tablet&quot;:&quot;auto&quot;,&quot;mobile&quot;:&quot;1&quot;},&quot;post_type&quot;:&quot;recently_viewed&quot;,&quot;spacing&quot;:&quot;20&quot;,&quot;sync_parent_id&quot;:&quot;wd_67ed876b9ff85&quot;,&quot;wrapper_classes&quot;:&quot; wd-wpb&quot;,&quot;highlighted_products&quot;:&quot;0&quot;,&quot;products_bordered_grid&quot;:&quot;0&quot;,&quot;products_with_background&quot;:&quot;1&quot;,&quot;products_shadow&quot;:&quot;0&quot;,&quot;product_hover&quot;:&quot;small&quot;,&quot;img_size&quot;:&quot;64x64&quot;,&quot;element_title&quot;:&quot;Recently Viewed&quot;,&quot;ajax_recently_viewed&quot;:&quot;yes&quot;,&quot;layout&quot;:&quot;carousel&quot;,&quot;woodmart_css_id&quot;:&quot;63e21dd9db218&quot;,&quot;grid_gallery&quot;:&quot;no&quot;}' data-scroll_per_page=\"yes\" style=\"--wd-col-lg:5;--wd-col-md:4;--wd-col-sm:1;--wd-gap-lg:20px;--wd-gap-sm:10px;\">\n\t\t\t\t\t\t<div class=\"wd-carousel-wrap\">\n\t\t\t\t\t\t\t\t\t\t\t\t\t<\/div>\n\t\t\t\t\t<\/div>\n\n\t\t\t\t\t\t\t<div class=\"wd-nav-arrows wd-pos-sep wd-hover-1 wd-icon-1\">\n\t\t\t<div class=\"wd-btn-arrow wd-prev wd-disabled\">\n\t\t\t\t<div class=\"wd-arrow-inner\"><\/div>\n\t\t\t<\/div>\n\t\t\t<div class=\"wd-btn-arrow wd-next\">\n\t\t\t\t<div class=\"wd-arrow-inner\"><\/div>\n\t\t\t<\/div>\n\t\t<\/div>\n\t\t\t\t\t\t<\/div>\n\n\t\t\t\t\t\t\t\t\t\t\t<\/div>\n\t\t\t[\/vc_column][\/vc_row]<\/p>\n<\/div>","protected":false},"excerpt":{"rendered":"<p>[vc_row css=&#8221;.vc_custom_1668096599668{margin-top: -10px !important;}&#8221; woodmart_css_id=&#8221;636d2251d8a28&#8243; responsive_spacing=&#8221;eyJwYXJhbV90eXBlIjoid29vZG1hcnRfcmVzcG9uc2l2ZV9zcGFjaW5nIiwic2VsZWN0b3JfaWQiOiI2MzZkMjI1MWQ4YTI4Iiwic2hvcnRjb2RlIjoidmNfcm93IiwiZGF0YSI6eyJ0YWJsZXQiOnt9LCJtb2JpbGUiOnt9fX0=&#8221; mobile_bg_img_hidden=&#8221;no&#8221; tablet_bg_img_hidden=&#8221;no&#8221; woodmart_parallax=&#8221;0&#8243; woodmart_gradient_switch=&#8221;no&#8221; woodmart_box_shadow=&#8221;no&#8221; wd_z_index=&#8221;no&#8221; woodmart_disable_overflow=&#8221;0&#8243; row_reverse_mobile=&#8221;0&#8243; row_reverse_tablet=&#8221;0&#8243;][vc_column woodmart_css_id=&#8221;67fbdb3796f4f&#8221; parallax_scroll=&#8221;no&#8221; woodmart_sticky_column=&#8221;false&#8221; wd_collapsible_content_switcher=&#8221;no&#8221; wd_column_role_offcanvas_desktop=&#8221;no&#8221;<\/p>\n","protected":false},"author":2,"featured_media":0,"parent":0,"menu_order":0,"comment_status":"closed","ping_status":"closed","template":"","meta":{"_monsterinsights_skip_tracking":false,"_monsterinsights_sitenote_active":false,"_monsterinsights_sitenote_note":"","_monsterinsights_sitenote_category":0,"footnotes":""},"class_list":["post-27","page","type-page","status-publish","hentry"],"aioseo_notices":[],"_links":{"self":[{"href":"https:\/\/pcshopss.com\/index.php\/wp-json\/wp\/v2\/pages\/27","targetHints":{"allow":["GET"]}}],"collection":[{"href":"https:\/\/pcshopss.com\/index.php\/wp-json\/wp\/v2\/pages"}],"about":[{"href":"https:\/\/pcshopss.com\/index.php\/wp-json\/wp\/v2\/types\/page"}],"author":[{"embeddable":true,"href":"https:\/\/pcshopss.com\/index.php\/wp-json\/wp\/v2\/users\/2"}],"replies":[{"embeddable":true,"href":"https:\/\/pcshopss.com\/index.php\/wp-json\/wp\/v2\/comments?post=27"}],"version-history":[{"count":77,"href":"https:\/\/pcshopss.com\/index.php\/wp-json\/wp\/v2\/pages\/27\/revisions"}],"predecessor-version":[{"id":34752,"href":"https:\/\/pcshopss.com\/index.php\/wp-json\/wp\/v2\/pages\/27\/revisions\/34752"}],"wp:attachment":[{"href":"https:\/\/pcshopss.com\/index.php\/wp-json\/wp\/v2\/media?parent=27"}],"curies":[{"name":"wp","href":"https:\/\/api.w.org\/{rel}","templated":true}]}}