{"id":5849,"date":"2025-02-14T07:54:40","date_gmt":"2025-02-14T13:54:40","guid":{"rendered":"https:\/\/pcshopss.com\/?post_type=product&#038;p=5849"},"modified":"2025-04-06T13:54:44","modified_gmt":"2025-04-06T19:54:44","slug":"cable-de-poder-estandar","status":"publish","type":"product","link":"https:\/\/pcshopss.com\/index.php\/producto\/cable-de-poder-estandar\/","title":{"rendered":"cable de poder est\u00e1ndar"},"content":{"rendered":"<p data-start=\"0\" data-end=\"476\">Un <strong data-start=\"3\" data-end=\"30\">cable de poder est\u00e1ndar<\/strong> es un componente esencial en la mayor\u00eda de los equipos el\u00e9ctricos y electr\u00f3nicos. Se utiliza para conectar dispositivos a una fuente de energ\u00eda, garantizando una transmisi\u00f3n segura de electricidad. En su configuraci\u00f3n m\u00e1s com\u00fan, este cable est\u00e1 compuesto por conductores internos de cobre o aluminio, recubiertos por una capa aislante que previene el contacto directo con los conductores y evita riesgos de cortocircuito o accidentes el\u00e9ctricos.<\/p>\n<p data-start=\"478\" data-end=\"920\">El cable de poder est\u00e1ndar suele tener un enchufe de 3 pines, aunque algunos modelos pueden variar dependiendo de la regi\u00f3n y las especificaciones del dispositivo. Su longitud y tipo de conector pueden diferir seg\u00fan la aplicaci\u00f3n y las normativas locales. Se emplea en una amplia variedad de aparatos, como computadoras, televisores, electrodom\u00e9sticos, entre otros, y es indispensable para garantizar el funcionamiento adecuado de los mismos.<\/p>\n<p data-start=\"922\" data-end=\"948\"><strong data-start=\"922\" data-end=\"948\">Caracter\u00edsticas clave:<\/strong><\/p>\n<ul data-start=\"949\" data-end=\"1173\">\n<li data-start=\"949\" data-end=\"1008\">Materiales de alta calidad para una conducci\u00f3n eficiente.<\/li>\n<li data-start=\"1009\" data-end=\"1055\">Aislante resistente a temperaturas extremas.<\/li>\n<li data-start=\"1056\" data-end=\"1102\">Disponible en diversos tama\u00f1os y longitudes.<\/li>\n<li data-start=\"1103\" data-end=\"1173\">Cumple con las normativas de seguridad y est\u00e1ndares internacionales.<\/li>\n<\/ul>\n<p data-start=\"1175\" data-end=\"1307\" data-is-last-node=\"\">Este tipo de cable se encuentra disponible en distintas configuraciones, adapt\u00e1ndose a las necesidades de cada dispositivo y regi\u00f3n.<\/p>\n","protected":false},"excerpt":{"rendered":"<p>Un <strong data-start=\"3\" data-end=\"30\">cable de poder est\u00e1ndar<\/strong> es un componente esencial para conectar dispositivos electr\u00f3nicos a una fuente de energ\u00eda. Generalmente, tiene conductores de cobre o aluminio, con aislamiento para evitar riesgos el\u00e9ctricos. Suele contar con un enchufe de 3 pines y est\u00e1 disponible en diferentes longitudes y configuraciones seg\u00fan el dispositivo y la regi\u00f3n. Es utilizado en una variedad de equipos como computadoras, electrodom\u00e9sticos y m\u00e1s.<\/p>\n","protected":false},"featured_media":5850,"template":"","meta":{"_monsterinsights_skip_tracking":false,"_monsterinsights_sitenote_active":false,"_monsterinsights_sitenote_note":"","_monsterinsights_sitenote_category":0},"product_brand":[],"product_cat":[343],"product_tag":[782],"class_list":{"0":"post-5849","1":"product","2":"type-product","3":"status-publish","4":"has-post-thumbnail","6":"product_cat-accesorios","7":"product_tag-conectividad-y-energia","9":"first","10":"instock","11":"shipping-taxable","12":"purchasable","13":"product-type-simple"},"aioseo_notices":[],"_links":{"self":[{"href":"https:\/\/pcshopss.com\/index.php\/wp-json\/wp\/v2\/product\/5849","targetHints":{"allow":["GET"]}}],"collection":[{"href":"https:\/\/pcshopss.com\/index.php\/wp-json\/wp\/v2\/product"}],"about":[{"href":"https:\/\/pcshopss.com\/index.php\/wp-json\/wp\/v2\/types\/product"}],"wp:featuredmedia":[{"embeddable":true,"href":"https:\/\/pcshopss.com\/index.php\/wp-json\/wp\/v2\/media\/5850"}],"wp:attachment":[{"href":"https:\/\/pcshopss.com\/index.php\/wp-json\/wp\/v2\/media?parent=5849"}],"wp:term":[{"taxonomy":"product_brand","embeddable":true,"href":"https:\/\/pcshopss.com\/index.php\/wp-json\/wp\/v2\/product_brand?post=5849"},{"taxonomy":"product_cat","embeddable":true,"href":"https:\/\/pcshopss.com\/index.php\/wp-json\/wp\/v2\/product_cat?post=5849"},{"taxonomy":"product_tag","embeddable":true,"href":"https:\/\/pcshopss.com\/index.php\/wp-json\/wp\/v2\/product_tag?post=5849"}],"curies":[{"name":"wp","href":"https:\/\/api.w.org\/{rel}","templated":true}]}}