{"id":5881,"date":"2025-02-16T08:20:50","date_gmt":"2025-02-16T14:20:50","guid":{"rendered":"https:\/\/pcshopss.com\/?post_type=product&#038;p=5881"},"modified":"2025-03-26T12:18:34","modified_gmt":"2025-03-26T18:18:34","slug":"teclado-dell-en-ingles","status":"publish","type":"product","link":"https:\/\/pcshopss.com\/index.php\/producto\/teclado-dell-en-ingles\/","title":{"rendered":"Teclado Dell en Ingles"},"content":{"rendered":"<h3 data-start=\"128\" data-end=\"158\">Teclado Ingl\u00e9s Dell B\u00e1sico<\/h3>\n<ul data-start=\"160\" data-end=\"1407\">\n<li data-start=\"160\" data-end=\"333\">\n<p data-start=\"162\" data-end=\"333\"><strong data-start=\"162\" data-end=\"183\">Dise\u00f1o ergon\u00f3mico<\/strong>: El teclado Dell b\u00e1sico ofrece una disposici\u00f3n est\u00e1ndar de teclas con un dise\u00f1o c\u00f3modo para una experiencia de escritura fluida durante largas horas.<\/p>\n<\/li>\n<li data-start=\"337\" data-end=\"491\">\n<p data-start=\"339\" data-end=\"491\"><strong data-start=\"339\" data-end=\"367\">Compatibilidad universal<\/strong>: Funciona perfectamente con sistemas operativos Windows, MacOS y Linux, garantizando versatilidad para diferentes usuarios.<\/p>\n<\/li>\n<li data-start=\"493\" data-end=\"636\">\n<p data-start=\"495\" data-end=\"636\"><strong data-start=\"495\" data-end=\"520\">Teclas de bajo perfil<\/strong>: Las teclas de este teclado tienen una baja altura, lo que facilita la escritura y reduce el esfuerzo de los dedos.<\/p>\n<\/li>\n<li data-start=\"638\" data-end=\"770\">\n<p data-start=\"640\" data-end=\"770\"><strong data-start=\"640\" data-end=\"656\">Conexi\u00f3n USB<\/strong>: Se conecta f\u00e1cilmente mediante un puerto USB est\u00e1ndar, lo que elimina la necesidad de instalaciones complicadas.<\/p>\n<\/li>\n<li data-start=\"772\" data-end=\"890\">\n<p data-start=\"774\" data-end=\"890\"><strong data-start=\"774\" data-end=\"789\">Durabilidad<\/strong>: Fabricado con materiales resistentes, el teclado est\u00e1 dise\u00f1ado para soportar un uso diario intenso.<\/p>\n<\/li>\n<li data-start=\"892\" data-end=\"1020\">\n<p data-start=\"894\" data-end=\"1020\"><strong data-start=\"894\" data-end=\"914\">Teclado num\u00e9rico<\/strong>: Incluye un teclado num\u00e9rico completo, ideal para trabajos que requieren la entrada frecuente de n\u00fameros.<\/p>\n<\/li>\n<li data-start=\"1022\" data-end=\"1160\">\n<p data-start=\"1024\" data-end=\"1160\"><strong data-start=\"1024\" data-end=\"1046\">Estilo minimalista<\/strong>: Su dise\u00f1o simple y limpio se adapta a cualquier espacio de trabajo, brindando una apariencia moderna y ordenada.<\/p>\n<\/li>\n<li data-start=\"1162\" data-end=\"1302\">\n<p data-start=\"1164\" data-end=\"1302\"><strong data-start=\"1164\" data-end=\"1182\">Uso silencioso<\/strong>: Las teclas est\u00e1n dise\u00f1adas para ofrecer un toque suave y un sonido m\u00ednimo, ideal para entornos de oficina compartidos.<\/p>\n<\/li>\n<li data-start=\"1304\" data-end=\"1407\">\n<p data-start=\"1306\" data-end=\"1407\"><strong data-start=\"1306\" data-end=\"1326\">F\u00e1cil de limpiar<\/strong>: Su superficie plana y teclas lisas permiten una f\u00e1cil limpieza y mantenimiento.<\/p>\n<\/li>\n<\/ul>\n","protected":false},"excerpt":{"rendered":"<p>&#8220;Teclado Dell de alto rendimiento, ideal para quienes buscan comodidad y precisi\u00f3n. Con teclas en ingl\u00e9s, ofrece una experiencia de escritura fluida y eficiente. Su dise\u00f1o ergon\u00f3mico y compacto se adapta a cualquier espacio de trabajo, brindando durabilidad y estilo. Perfecto para profesionales y estudiantes que necesitan un teclado confiable y funcional.&#8221;<\/p>\n","protected":false},"featured_media":5882,"template":"","meta":{"_monsterinsights_skip_tracking":false,"_monsterinsights_sitenote_active":false,"_monsterinsights_sitenote_note":"","_monsterinsights_sitenote_category":0},"product_brand":[],"product_cat":[343],"product_tag":[],"class_list":{"0":"post-5881","1":"product","2":"type-product","3":"status-publish","4":"has-post-thumbnail","6":"product_cat-accesorios","8":"first","9":"instock","10":"sale","11":"shipping-taxable","12":"purchasable","13":"product-type-simple"},"aioseo_notices":[],"_links":{"self":[{"href":"https:\/\/pcshopss.com\/index.php\/wp-json\/wp\/v2\/product\/5881","targetHints":{"allow":["GET"]}}],"collection":[{"href":"https:\/\/pcshopss.com\/index.php\/wp-json\/wp\/v2\/product"}],"about":[{"href":"https:\/\/pcshopss.com\/index.php\/wp-json\/wp\/v2\/types\/product"}],"wp:featuredmedia":[{"embeddable":true,"href":"https:\/\/pcshopss.com\/index.php\/wp-json\/wp\/v2\/media\/5882"}],"wp:attachment":[{"href":"https:\/\/pcshopss.com\/index.php\/wp-json\/wp\/v2\/media?parent=5881"}],"wp:term":[{"taxonomy":"product_brand","embeddable":true,"href":"https:\/\/pcshopss.com\/index.php\/wp-json\/wp\/v2\/product_brand?post=5881"},{"taxonomy":"product_cat","embeddable":true,"href":"https:\/\/pcshopss.com\/index.php\/wp-json\/wp\/v2\/product_cat?post=5881"},{"taxonomy":"product_tag","embeddable":true,"href":"https:\/\/pcshopss.com\/index.php\/wp-json\/wp\/v2\/product_tag?post=5881"}],"curies":[{"name":"wp","href":"https:\/\/api.w.org\/{rel}","templated":true}]}}